
{"id":104,"date":"2023-06-26T12:32:26","date_gmt":"2023-06-26T12:32:26","guid":{"rendered":"https:\/\/vasc-online.com\/?page_id=104"},"modified":"2025-03-06T15:37:23","modified_gmt":"2025-03-06T15:37:23","slug":"formacion","status":"publish","type":"page","link":"https:\/\/vasc-online.com\/index.php\/formacion","title":{"rendered":"Formaci\u00f3n"},"content":{"rendered":"\t\t<div data-elementor-type=\"wp-page\" data-elementor-id=\"104\" class=\"elementor elementor-104\">\n\t\t\t\t\t\t<section class=\"elementor-section elementor-top-section elementor-element elementor-element-8d7675c elementor-section-full_width elementor-section-content-middle elementor-section-stretched elementor-section-height-default elementor-section-height-default\" data-id=\"8d7675c\" data-element_type=\"section\" data-settings=\"{&quot;stretch_section&quot;:&quot;section-stretched&quot;,&quot;background_background&quot;:&quot;gradient&quot;}\">\n\t\t\t\t\t\t\t<div class=\"elementor-background-overlay\"><\/div>\n\t\t\t\t\t\t\t<div class=\"elementor-container elementor-column-gap-default\">\n\t\t\t\t\t<div class=\"elementor-column elementor-col-100 elementor-top-column elementor-element elementor-element-9e1830d\" data-id=\"9e1830d\" data-element_type=\"column\" data-settings=\"{&quot;background_background&quot;:&quot;classic&quot;}\">\n\t\t\t<div class=\"elementor-widget-wrap elementor-element-populated\">\n\t\t\t\t\t\t<div class=\"elementor-element elementor-element-6855e6f elementor-widget elementor-widget-text-editor\" data-id=\"6855e6f\" data-element_type=\"widget\" data-widget_type=\"text-editor.default\">\n\t\t\t\t<div class=\"elementor-widget-container\">\n\t\t\t\t\t\t\t\t\t<p>Formaci\u00f3n<\/p>\t\t\t\t\t\t\t\t<\/div>\n\t\t\t\t<\/div>\n\t\t\t\t\t<\/div>\n\t\t<\/div>\n\t\t\t\t\t<\/div>\n\t\t<\/section>\n\t\t\t\t<section class=\"elementor-section elementor-top-section elementor-element elementor-element-50141b4 elementor-section-full_width elementor-section-content-middle elementor-section-stretched elementor-section-height-default elementor-section-height-default\" data-id=\"50141b4\" data-element_type=\"section\" data-settings=\"{&quot;stretch_section&quot;:&quot;section-stretched&quot;}\">\n\t\t\t\t\t\t<div class=\"elementor-container elementor-column-gap-default\">\n\t\t\t\t\t<div class=\"elementor-column elementor-col-50 elementor-top-column elementor-element elementor-element-3c4d976\" data-id=\"3c4d976\" data-element_type=\"column\">\n\t\t\t<div class=\"elementor-widget-wrap elementor-element-populated\">\n\t\t\t\t\t\t<div class=\"elementor-element elementor-element-5792227 elementor-widget elementor-widget-image\" data-id=\"5792227\" data-element_type=\"widget\" data-widget_type=\"image.default\">\n\t\t\t\t<div class=\"elementor-widget-container\">\n\t\t\t\t\t\t\t\t\t\t\t\t\t\t\t<img fetchpriority=\"high\" decoding=\"async\" width=\"715\" height=\"669\" src=\"https:\/\/vasc-online.com\/wp-content\/uploads\/2023\/06\/g5186.png\" class=\"attachment-full size-full wp-image-497\" alt=\"\" \/>\t\t\t\t\t\t\t\t\t\t\t\t\t\t\t<\/div>\n\t\t\t\t<\/div>\n\t\t\t\t\t<\/div>\n\t\t<\/div>\n\t\t\t\t<div class=\"elementor-column elementor-col-50 elementor-top-column elementor-element elementor-element-44f4345\" data-id=\"44f4345\" data-element_type=\"column\">\n\t\t\t<div class=\"elementor-widget-wrap elementor-element-populated\">\n\t\t\t\t\t\t<div class=\"elementor-element elementor-element-7f23c14 elementor-widget elementor-widget-text-editor\" data-id=\"7f23c14\" data-element_type=\"widget\" data-widget_type=\"text-editor.default\">\n\t\t\t\t<div class=\"elementor-widget-container\">\n\t\t\t\t\t\t\t\t\t<p>En nuestra cl\u00ednica de cirug\u00eda vascular online, estamos comprometidos con ofrecer la mejor atenci\u00f3n m\u00e9dica a nuestros pacientes, y tambi\u00e9n capacitar a otros profesionales de la salud en el campo de la cirug\u00eda vascular y de la investigaci\u00f3n.<\/p>\t\t\t\t\t\t\t\t<\/div>\n\t\t\t\t<\/div>\n\t\t\t\t<div class=\"elementor-element elementor-element-1674b3b elementor-widget elementor-widget-text-editor\" data-id=\"1674b3b\" data-element_type=\"widget\" data-widget_type=\"text-editor.default\">\n\t\t\t\t<div class=\"elementor-widget-container\">\n\t\t\t\t\t\t\t\t\t<p>Cursos online para m\u00e9dicos y profesionales de la salud<\/p>\t\t\t\t\t\t\t\t<\/div>\n\t\t\t\t<\/div>\n\t\t\t\t<div class=\"elementor-element elementor-element-e7f760f elementor-widget elementor-widget-text-editor\" data-id=\"e7f760f\" data-element_type=\"widget\" data-widget_type=\"text-editor.default\">\n\t\t\t\t<div class=\"elementor-widget-container\">\n\t\t\t\t\t\t\t\t\t<p>Ofrecemos cursos de formaci\u00f3n online para m\u00e9dicos y otros profesionales de la salud interesados en aprender m\u00e1s sobre la cirug\u00eda vascular y sus aplicaciones cl\u00ednicas. cuidadosamente dise\u00f1ados para proporcionar tanto conocimientos te\u00f3ricos como pr\u00e1cticos en una amplia gama de \u00e1reas, abarcando desde la evaluaci\u00f3n preoperatoria hasta las t\u00e9cnicas quir\u00fargicas m\u00e1s avanzadas.<\/p><p>Nuestro equipo de cirujanos vasculares altamente capacitados y experimentados lidera nuestros cursos de formaci\u00f3n. Ellos comparten su experiencia y conocimientos para ayudar a otros profesionales de la salud a mejorar sus habilidades y conocimientos en el campo de la cirug\u00eda vascular y de la investigaci\u00f3n.<\/p>\t\t\t\t\t\t\t\t<\/div>\n\t\t\t\t<\/div>\n\t\t\t\t<div class=\"elementor-element elementor-element-605926b elementor-widget elementor-widget-button\" data-id=\"605926b\" data-element_type=\"widget\" data-widget_type=\"button.default\">\n\t\t\t\t<div class=\"elementor-widget-container\">\n\t\t\t\t\t\t\t\t\t<div class=\"elementor-button-wrapper\">\n\t\t\t\t\t<a class=\"elementor-button elementor-button-link elementor-size-sm\" href=\"\/index.php\/tienda\">\n\t\t\t\t\t\t<span class=\"elementor-button-content-wrapper\">\n\t\t\t\t\t\t\t\t\t<span class=\"elementor-button-text\">COMPRAR<\/span>\n\t\t\t\t\t<\/span>\n\t\t\t\t\t<\/a>\n\t\t\t\t<\/div>\n\t\t\t\t\t\t\t\t<\/div>\n\t\t\t\t<\/div>\n\t\t\t\t\t<\/div>\n\t\t<\/div>\n\t\t\t\t\t<\/div>\n\t\t<\/section>\n\t\t\t\t<section class=\"elementor-section elementor-top-section elementor-element elementor-element-f70307a elementor-section-full_width elementor-section-content-middle elementor-section-stretched elementor-section-height-default elementor-section-height-default\" data-id=\"f70307a\" data-element_type=\"section\" data-settings=\"{&quot;stretch_section&quot;:&quot;section-stretched&quot;}\">\n\t\t\t\t\t\t\t<div class=\"elementor-background-overlay\"><\/div>\n\t\t\t\t\t\t\t<div class=\"elementor-container elementor-column-gap-default\">\n\t\t\t\t\t<div class=\"elementor-column elementor-col-50 elementor-top-column elementor-element elementor-element-3fe34b4\" data-id=\"3fe34b4\" data-element_type=\"column\">\n\t\t\t<div class=\"elementor-widget-wrap elementor-element-populated\">\n\t\t\t\t\t\t<div class=\"elementor-element elementor-element-c8830e0 elementor-widget elementor-widget-text-editor\" data-id=\"c8830e0\" data-element_type=\"widget\" data-widget_type=\"text-editor.default\">\n\t\t\t\t<div class=\"elementor-widget-container\">\n\t\t\t\t\t\t\t\t\t<p>Formaci\u00f3n pr\u00e1ctica para estudiantes<\/p>\t\t\t\t\t\t\t\t<\/div>\n\t\t\t\t<\/div>\n\t\t\t\t<div class=\"elementor-element elementor-element-ea7d303 elementor-widget elementor-widget-text-editor\" data-id=\"ea7d303\" data-element_type=\"widget\" data-widget_type=\"text-editor.default\">\n\t\t\t\t<div class=\"elementor-widget-container\">\n\t\t\t\t\t\t\t\t\t<p>La formaci\u00f3n pr\u00e1ctica para estudiantes es una opci\u00f3n que ofrecemos. Adem\u00e1s, proporcionamos oportunidades de pr\u00e1cticas para estudiantes de medicina y otros profesionales de la salud que buscan adquirir experiencia en cirug\u00eda vascular. Durante estas pr\u00e1cticas, los estudiantes tienen la oportunidad de trabajar codo a codo con nuestros cirujanos vasculares, obteniendo una experiencia invaluable en el cuidado del paciente y en el conocimiento de procedimientos quir\u00fargicos.<\/p>\t\t\t\t\t\t\t\t<\/div>\n\t\t\t\t<\/div>\n\t\t\t\t<div class=\"elementor-element elementor-element-428afec elementor-widget elementor-widget-text-editor\" data-id=\"428afec\" data-element_type=\"widget\" data-widget_type=\"text-editor.default\">\n\t\t\t\t<div class=\"elementor-widget-container\">\n\t\t\t\t\t\t\t\t\t<p>Pasi\u00f3n por compartir conocimiento<\/p>\t\t\t\t\t\t\t\t<\/div>\n\t\t\t\t<\/div>\n\t\t\t\t<div class=\"elementor-element elementor-element-9dad3e6 elementor-widget elementor-widget-text-editor\" data-id=\"9dad3e6\" data-element_type=\"widget\" data-widget_type=\"text-editor.default\">\n\t\t\t\t<div class=\"elementor-widget-container\">\n\t\t\t\t\t\t\t\t\t<p>En nuestra cl\u00ednica de cirug\u00eda vascular online nos entusiasma compartir nuestro conocimiento y experiencia con otros profesionales de la salud. Si est\u00e1s interesado en participar en nuestros cursos de formaci\u00f3n o pr\u00e1ctcas, no dudes en ponerte en contacto con nosotros. Nuestro compromiso con la formaci\u00f3n y la capacitaci\u00f3n en el campo de la cirug\u00eda vascular y de la investigaci\u00f3n es s\u00f3lido, y esperamos colaborar contigo para mejorar la atenci\u00f3n m\u00e9dica de todos.<\/p>\t\t\t\t\t\t\t\t<\/div>\n\t\t\t\t<\/div>\n\t\t\t\t\t<\/div>\n\t\t<\/div>\n\t\t\t\t<div class=\"elementor-column elementor-col-50 elementor-top-column elementor-element elementor-element-c8b3ba2\" data-id=\"c8b3ba2\" data-element_type=\"column\">\n\t\t\t<div class=\"elementor-widget-wrap elementor-element-populated\">\n\t\t\t\t\t\t<div class=\"elementor-element elementor-element-7221d64 elementor-widget elementor-widget-image\" data-id=\"7221d64\" data-element_type=\"widget\" data-widget_type=\"image.default\">\n\t\t\t\t<div class=\"elementor-widget-container\">\n\t\t\t\t\t\t\t\t\t\t\t\t\t\t\t<img decoding=\"async\" width=\"1830\" height=\"1368\" src=\"https:\/\/vasc-online.com\/wp-content\/uploads\/2025\/03\/CURSO-CIRUGIA-ABIERTA-2024.png\" class=\"attachment-full size-full wp-image-2610\" alt=\"\" srcset=\"https:\/\/vasc-online.com\/wp-content\/uploads\/2025\/03\/CURSO-CIRUGIA-ABIERTA-2024.png 1830w, https:\/\/vasc-online.com\/wp-content\/uploads\/2025\/03\/CURSO-CIRUGIA-ABIERTA-2024-300x224.png 300w, https:\/\/vasc-online.com\/wp-content\/uploads\/2025\/03\/CURSO-CIRUGIA-ABIERTA-2024-1024x765.png 1024w, https:\/\/vasc-online.com\/wp-content\/uploads\/2025\/03\/CURSO-CIRUGIA-ABIERTA-2024-768x574.png 768w, https:\/\/vasc-online.com\/wp-content\/uploads\/2025\/03\/CURSO-CIRUGIA-ABIERTA-2024-1536x1148.png 1536w, https:\/\/vasc-online.com\/wp-content\/uploads\/2025\/03\/CURSO-CIRUGIA-ABIERTA-2024-600x449.png 600w\" sizes=\"(max-width: 1830px) 100vw, 1830px\" \/>\t\t\t\t\t\t\t\t\t\t\t\t\t\t\t<\/div>\n\t\t\t\t<\/div>\n\t\t\t\t\t<\/div>\n\t\t<\/div>\n\t\t\t\t\t<\/div>\n\t\t<\/section>\n\t\t\t\t<section class=\"elementor-section elementor-top-section elementor-element elementor-element-0979bd8 elementor-section-full_width elementor-section-content-middle elementor-section-stretched elementor-section-height-default elementor-section-height-default\" data-id=\"0979bd8\" data-element_type=\"section\" data-settings=\"{&quot;stretch_section&quot;:&quot;section-stretched&quot;,&quot;background_background&quot;:&quot;gradient&quot;}\">\n\t\t\t\t\t\t\t<div class=\"elementor-background-overlay\"><\/div>\n\t\t\t\t\t\t\t<div class=\"elementor-container elementor-column-gap-default\">\n\t\t\t\t\t<div class=\"elementor-column elementor-col-100 elementor-top-column elementor-element elementor-element-6aba9a2\" data-id=\"6aba9a2\" data-element_type=\"column\" data-settings=\"{&quot;background_background&quot;:&quot;classic&quot;}\">\n\t\t\t<div class=\"elementor-widget-wrap elementor-element-populated\">\n\t\t\t\t\t\t<div class=\"elementor-element elementor-element-c7de47d elementor-widget elementor-widget-text-editor\" data-id=\"c7de47d\" data-element_type=\"widget\" data-widget_type=\"text-editor.default\">\n\t\t\t\t<div class=\"elementor-widget-container\">\n\t\t\t\t\t\t\t\t\t<p>Formaci\u00f3n<\/p>\t\t\t\t\t\t\t\t<\/div>\n\t\t\t\t<\/div>\n\t\t\t\t<div class=\"elementor-element elementor-element-bd48374 elementor-widget elementor-widget-text-editor\" data-id=\"bd48374\" data-element_type=\"widget\" data-widget_type=\"text-editor.default\">\n\t\t\t\t<div class=\"elementor-widget-container\">\n\t\t\t\t\t\t\t\t\t<p>En nuestra cl\u00ednica de cirug\u00eda <br \/>vascular en l\u00ednea, no solo estamos <br \/>comprometidos con brindar la <br \/>mejor atenci\u00f3n m\u00e9dica a nuestros <br \/>pacientes, sino tambi\u00e9n con <br \/>educar y capacitar a otros <br \/>profesionales de la salud en el <br \/>campo de la cirug\u00eda vascular.<\/p>\t\t\t\t\t\t\t\t<\/div>\n\t\t\t\t<\/div>\n\t\t\t\t<div class=\"elementor-element elementor-element-3c453a8 elementor-widget elementor-widget-button\" data-id=\"3c453a8\" data-element_type=\"widget\" data-widget_type=\"button.default\">\n\t\t\t\t<div class=\"elementor-widget-container\">\n\t\t\t\t\t\t\t\t\t<div class=\"elementor-button-wrapper\">\n\t\t\t\t\t<a class=\"elementor-button elementor-button-link elementor-size-sm\" href=\"\/index.php\/tienda\">\n\t\t\t\t\t\t<span class=\"elementor-button-content-wrapper\">\n\t\t\t\t\t\t\t\t\t<span class=\"elementor-button-text\">M\u00c1S INFORMACI\u00d3N<\/span>\n\t\t\t\t\t<\/span>\n\t\t\t\t\t<\/a>\n\t\t\t\t<\/div>\n\t\t\t\t\t\t\t\t<\/div>\n\t\t\t\t<\/div>\n\t\t\t\t\t<\/div>\n\t\t<\/div>\n\t\t\t\t\t<\/div>\n\t\t<\/section>\n\t\t\t\t<\/div>\n\t\t","protected":false},"excerpt":{"rendered":"<p>Formaci\u00f3n En nuestra cl\u00ednica de cirug\u00eda vascular online, estamos comprometidos con ofrecer la mejor atenci\u00f3n m\u00e9dica a nuestros pacientes, y tambi\u00e9n capacitar a otros profesionales de la salud en el campo de la cirug\u00eda vascular y de la investigaci\u00f3n. Cursos online para m\u00e9dicos y profesionales de la salud Ofrecemos cursos de formaci\u00f3n online para m\u00e9dicos [&hellip;]<\/p>\n","protected":false},"author":1,"featured_media":0,"parent":0,"menu_order":0,"comment_status":"closed","ping_status":"closed","template":"","meta":{"_acf_changed":false,"footnotes":""},"class_list":["post-104","page","type-page","status-publish","hentry"],"acf":[],"_links":{"self":[{"href":"https:\/\/vasc-online.com\/index.php\/wp-json\/wp\/v2\/pages\/104","targetHints":{"allow":["GET"]}}],"collection":[{"href":"https:\/\/vasc-online.com\/index.php\/wp-json\/wp\/v2\/pages"}],"about":[{"href":"https:\/\/vasc-online.com\/index.php\/wp-json\/wp\/v2\/types\/page"}],"author":[{"embeddable":true,"href":"https:\/\/vasc-online.com\/index.php\/wp-json\/wp\/v2\/users\/1"}],"replies":[{"embeddable":true,"href":"https:\/\/vasc-online.com\/index.php\/wp-json\/wp\/v2\/comments?post=104"}],"version-history":[{"count":52,"href":"https:\/\/vasc-online.com\/index.php\/wp-json\/wp\/v2\/pages\/104\/revisions"}],"predecessor-version":[{"id":2779,"href":"https:\/\/vasc-online.com\/index.php\/wp-json\/wp\/v2\/pages\/104\/revisions\/2779"}],"wp:attachment":[{"href":"https:\/\/vasc-online.com\/index.php\/wp-json\/wp\/v2\/media?parent=104"}],"curies":[{"name":"wp","href":"https:\/\/api.w.org\/{rel}","templated":true}]}}